{"id":359,"date":"2015-01-24T17:45:30","date_gmt":"2015-01-24T17:45:30","guid":{"rendered":"http:\/\/cpwp.comptonplayers.co.uk\/?page_id=359"},"modified":"2015-02-18T16:34:21","modified_gmt":"2015-02-18T16:34:21","slug":"therese","status":"publish","type":"page","link":"https:\/\/www.comptonplayers.co.uk\/comptonplayers-c\/?page_id=359","title":{"rendered":"Th\u00e9r\u00e8se"},"content":{"rendered":"<p><span class=\"author\">by Thomas Job<\/span><\/p>\n<h2>20th &#8211; 22nd October 1977<\/h2>\n<p>Adapted from the novel by \u00c9mile Zola, <strong>Th\u00e9r\u00e8se<\/strong> tells the story of a young woman, unhappily married to her first cousin by an overbearing aunt who may seem to be well-intentioned but in many ways is deeply selfish. Th\u00e9r\u00e8se&#8217;s husband, Camille, is sickly and egocentric, and when the opportunity arises, Th\u00e9r\u00e8se enters into a turbulent and sordidly passionate affair with one of Camille&#8217;s friends, Laurent.<\/p>\n<p><a href=\"http:\/\/cpwp.comptonplayers.co.uk\/wp-content\/uploads\/2015\/01\/Therese-prog.jpg\"><img loading=\"lazy\" decoding=\"async\" class=\"aligncenter size-medium wp-image-596\" src=\"http:\/\/cpwp.comptonplayers.co.uk\/wp-content\/uploads\/2015\/01\/Therese-prog-213x300.jpg\" alt=\"Therese prog\" width=\"213\" height=\"300\" srcset=\"https:\/\/www.comptonplayers.co.uk\/comptonplayers-c\/wp-content\/uploads\/2015\/01\/Therese-prog-213x300.jpg 213w, https:\/\/www.comptonplayers.co.uk\/comptonplayers-c\/wp-content\/uploads\/2015\/01\/Therese-prog.jpg 562w\" sizes=\"(max-width: 213px) 100vw, 213px\" \/><\/a><\/p>\n<div class=\"rtecenter\" style=\"text-align: center;\">\n<p><strong>The Cast<\/strong><\/p>\n<p>Camille: Richard Barrell<br \/>\nMadame Raquin: Molly Gray<br \/>\nTh\u00e9r\u00e8se: Elizabeth Saxton<br \/>\nLaurent: Eric Saxton<br \/>\nMadame Louise : Marilyn Barrell<br \/>\nGrivet: Peter Monger<br \/>\nInspector Michaud: Bob Webb<br \/>\nSuzanne: Pauline Hall<\/p>\n<p>Produced by Eric Saxton and Mary Warrington\n<\/p><\/div>\n<h3>Newbury Weekly News review<\/h3>\n<div class=\"review\">\n<h2>Fine acting heightens suspense at Compton<\/h2>\n<p>One of the most compelling plays I have seen for a long time was presented by the Compton Players at the Coronation Hall, Compton, last week. An adaptation of a story by \u00c9mile Zola, Thomas Job\u2019s play <strong>Th\u00e9r\u00e8se<\/strong> is set in Paris in the late 19th century.<\/p>\n<p>At the beginning, Th\u00e9r\u00e8se is married to her pampered hypochondriac cousin, Camille, and they live with his mother Madame Raquin, over their millinery shop. But Th\u00e9r\u00e8se has fallen in love with his best friend, artist Laurent, and one summer\u2019s day, during an outing \u2013 at Th\u00e9r\u00e8se\u2019s instigation \u2013 drowns Camille making his death appear to be an accident.<\/p>\n<p>Later, with Madame Raquin\u2019s blessing, Th\u00e9r\u00e8se and Laurent marry, but their marriage is soured by guilt. To make matters worse, Madame Raquin overhears them discussing the murder. Before she can go to the police, she has a stroke, and becomes a helpless mute invalid, a constant reproach and threat to them.<\/p>\n<p>Compton Players are noted for their attention to detail and for their high standard of acting, and this play drew some exceptionally fine performances from them. For Molly Gray, the second act, in which she is confined to a wheelchair, and unable to communicate except by the expression in her eyes, was a tour de force and she contributed considerably to the ever-mounting suspense of this enthralling play. Elizabeth Saxton in the onerous title role, showed Th\u00e9r\u00e8se\u2019s frustration manifested, in her first marriage, by resignation, then the eagerly grasped idea of murder, and later the angry frustration of her second marriage.<\/p>\n<p>Eric Saxton\u2019s Laurent was flamboyant in contrast to the appropriately anaemic and fussy Camille, portrayed by Richard Barrell.<\/p>\n<p>Marilyn Barrell played the haughty patroness, Madame Louise, Bob Webb the solidly dependable Inspector Michaud, Pauline Hall his attractive niece, Suzanne, and Peter Monger the kindly but slightly fussy friend M. Grivet.<\/p>\n<p>The company\u2019s excellent lighting system again came into its own, giving a good representation of gas lighting, and it was good to note from the programme that there is so much liaison and exchange of costumes between local dramatic societies.<\/p>\n<p>The play was produced by Eric Saxton, who also designed the excellent set, and he was assisted in the production by Mary Warrington. Stage manager was Matthew Tulip, assisted by Roger Gray, and Roger and Moly Gray were responsible for the lighting.<\/p>\n<p>ELIZABETH BLACK\n<\/p><\/div>\n<div id='gallery-1' class='gallery galleryid-359 gallery-columns-3 gallery-size-thumbnail'><dl class='gallery-item'>\n\t\t\t<dt class='gallery-icon landscape'>\n\t\t\t\t<a href='https:\/\/www.comptonplayers.co.uk\/comptonplayers-c\/?attachment_id=3501'><img loading=\"lazy\" decoding=\"async\" width=\"150\" height=\"150\" src=\"https:\/\/www.comptonplayers.co.uk\/comptonplayers-c\/wp-content\/uploads\/2015\/02\/therese14-150x150.jpg\" class=\"attachment-thumbnail size-thumbnail\" alt=\"\" \/><\/a>\n\t\t\t<\/dt><\/dl><dl class='gallery-item'>\n\t\t\t<dt class='gallery-icon landscape'>\n\t\t\t\t<a href='https:\/\/www.comptonplayers.co.uk\/comptonplayers-c\/?attachment_id=3500'><img loading=\"lazy\" decoding=\"async\" width=\"150\" height=\"150\" src=\"https:\/\/www.comptonplayers.co.uk\/comptonplayers-c\/wp-content\/uploads\/2015\/02\/therese13-150x150.jpg\" class=\"attachment-thumbnail size-thumbnail\" alt=\"\" \/><\/a>\n\t\t\t<\/dt><\/dl><dl class='gallery-item'>\n\t\t\t<dt class='gallery-icon landscape'>\n\t\t\t\t<a href='https:\/\/www.comptonplayers.co.uk\/comptonplayers-c\/?attachment_id=3499'><img loading=\"lazy\" decoding=\"async\" width=\"150\" height=\"150\" src=\"https:\/\/www.comptonplayers.co.uk\/comptonplayers-c\/wp-content\/uploads\/2015\/02\/therese12-150x150.jpg\" class=\"attachment-thumbnail size-thumbnail\" alt=\"\" \/><\/a>\n\t\t\t<\/dt><\/dl><br style=\"clear: both\" \/><dl class='gallery-item'>\n\t\t\t<dt class='gallery-icon landscape'>\n\t\t\t\t<a href='https:\/\/www.comptonplayers.co.uk\/comptonplayers-c\/?attachment_id=3498'><img loading=\"lazy\" decoding=\"async\" width=\"150\" height=\"150\" src=\"https:\/\/www.comptonplayers.co.uk\/comptonplayers-c\/wp-content\/uploads\/2015\/02\/therese11-150x150.jpg\" class=\"attachment-thumbnail size-thumbnail\" alt=\"\" \/><\/a>\n\t\t\t<\/dt><\/dl><dl class='gallery-item'>\n\t\t\t<dt class='gallery-icon landscape'>\n\t\t\t\t<a href='https:\/\/www.comptonplayers.co.uk\/comptonplayers-c\/?attachment_id=3497'><img loading=\"lazy\" decoding=\"async\" width=\"150\" height=\"150\" src=\"https:\/\/www.comptonplayers.co.uk\/comptonplayers-c\/wp-content\/uploads\/2015\/02\/therese10-150x150.jpg\" class=\"attachment-thumbnail size-thumbnail\" alt=\"\" \/><\/a>\n\t\t\t<\/dt><\/dl><dl class='gallery-item'>\n\t\t\t<dt class='gallery-icon landscape'>\n\t\t\t\t<a href='https:\/\/www.comptonplayers.co.uk\/comptonplayers-c\/?attachment_id=3496'><img loading=\"lazy\" decoding=\"async\" width=\"150\" height=\"150\" src=\"https:\/\/www.comptonplayers.co.uk\/comptonplayers-c\/wp-content\/uploads\/2015\/02\/therese9-150x150.jpg\" class=\"attachment-thumbnail size-thumbnail\" alt=\"\" \/><\/a>\n\t\t\t<\/dt><\/dl><br style=\"clear: both\" \/><dl class='gallery-item'>\n\t\t\t<dt class='gallery-icon portrait'>\n\t\t\t\t<a href='https:\/\/www.comptonplayers.co.uk\/comptonplayers-c\/?attachment_id=3490'><img loading=\"lazy\" decoding=\"async\" width=\"150\" height=\"150\" src=\"https:\/\/www.comptonplayers.co.uk\/comptonplayers-c\/wp-content\/uploads\/2015\/02\/therese3-150x150.jpg\" class=\"attachment-thumbnail size-thumbnail\" alt=\"\" \/><\/a>\n\t\t\t<\/dt><\/dl><dl class='gallery-item'>\n\t\t\t<dt class='gallery-icon portrait'>\n\t\t\t\t<a href='https:\/\/www.comptonplayers.co.uk\/comptonplayers-c\/?attachment_id=3491'><img loading=\"lazy\" decoding=\"async\" width=\"150\" height=\"150\" src=\"https:\/\/www.comptonplayers.co.uk\/comptonplayers-c\/wp-content\/uploads\/2015\/02\/therese4-150x150.jpg\" class=\"attachment-thumbnail size-thumbnail\" alt=\"\" \/><\/a>\n\t\t\t<\/dt><\/dl><dl class='gallery-item'>\n\t\t\t<dt class='gallery-icon landscape'>\n\t\t\t\t<a href='https:\/\/www.comptonplayers.co.uk\/comptonplayers-c\/?attachment_id=3492'><img loading=\"lazy\" decoding=\"async\" width=\"150\" height=\"150\" src=\"https:\/\/www.comptonplayers.co.uk\/comptonplayers-c\/wp-content\/uploads\/2015\/02\/therese5-150x150.jpg\" class=\"attachment-thumbnail size-thumbnail\" alt=\"\" \/><\/a>\n\t\t\t<\/dt><\/dl><br style=\"clear: both\" \/><dl class='gallery-item'>\n\t\t\t<dt class='gallery-icon landscape'>\n\t\t\t\t<a href='https:\/\/www.comptonplayers.co.uk\/comptonplayers-c\/?attachment_id=3493'><img loading=\"lazy\" decoding=\"async\" width=\"150\" height=\"150\" src=\"https:\/\/www.comptonplayers.co.uk\/comptonplayers-c\/wp-content\/uploads\/2015\/02\/therese6-150x150.jpg\" class=\"attachment-thumbnail size-thumbnail\" alt=\"\" \/><\/a>\n\t\t\t<\/dt><\/dl><dl class='gallery-item'>\n\t\t\t<dt class='gallery-icon landscape'>\n\t\t\t\t<a href='https:\/\/www.comptonplayers.co.uk\/comptonplayers-c\/?attachment_id=3494'><img loading=\"lazy\" decoding=\"async\" width=\"150\" height=\"150\" src=\"https:\/\/www.comptonplayers.co.uk\/comptonplayers-c\/wp-content\/uploads\/2015\/02\/therese7-150x150.jpg\" class=\"attachment-thumbnail size-thumbnail\" alt=\"\" \/><\/a>\n\t\t\t<\/dt><\/dl><dl class='gallery-item'>\n\t\t\t<dt class='gallery-icon landscape'>\n\t\t\t\t<a href='https:\/\/www.comptonplayers.co.uk\/comptonplayers-c\/?attachment_id=3495'><img loading=\"lazy\" decoding=\"async\" width=\"150\" height=\"150\" src=\"https:\/\/www.comptonplayers.co.uk\/comptonplayers-c\/wp-content\/uploads\/2015\/02\/therese8-150x150.jpg\" class=\"attachment-thumbnail size-thumbnail\" alt=\"\" \/><\/a>\n\t\t\t<\/dt><\/dl><br style=\"clear: both\" \/><dl class='gallery-item'>\n\t\t\t<dt class='gallery-icon portrait'>\n\t\t\t\t<a href='https:\/\/www.comptonplayers.co.uk\/comptonplayers-c\/?attachment_id=3489'><img loading=\"lazy\" decoding=\"async\" width=\"150\" height=\"150\" src=\"https:\/\/www.comptonplayers.co.uk\/comptonplayers-c\/wp-content\/uploads\/2015\/02\/therese2-150x150.jpg\" class=\"attachment-thumbnail size-thumbnail\" alt=\"\" \/><\/a>\n\t\t\t<\/dt><\/dl><dl class='gallery-item'>\n\t\t\t<dt class='gallery-icon portrait'>\n\t\t\t\t<a href='https:\/\/www.comptonplayers.co.uk\/comptonplayers-c\/?attachment_id=3488'><img loading=\"lazy\" decoding=\"async\" width=\"150\" height=\"150\" src=\"https:\/\/www.comptonplayers.co.uk\/comptonplayers-c\/wp-content\/uploads\/2015\/02\/therese1-150x150.jpg\" class=\"attachment-thumbnail size-thumbnail\" alt=\"\" \/><\/a>\n\t\t\t<\/dt><\/dl>\n\t\t\t<br style='clear: both' \/>\n\t\t<\/div>\n\n","protected":false},"excerpt":{"rendered":"<p>by Thomas Job 20th &#8211; 22nd October 1977 Adapted from the novel by \u00c9mile Zola, Th\u00e9r\u00e8se tells the story of a young woman, unhappily married to her first cousin by an overbearing aunt who may seem to be well-intentioned but in many ways is deeply selfish. Th\u00e9r\u00e8se&#8217;s husband, Camille, is sickly and egocentric, and when [&hellip;]<\/p>\n","protected":false},"author":2,"featured_media":0,"parent":8,"menu_order":0,"comment_status":"closed","ping_status":"closed","template":"","meta":{"footnotes":""},"_links":{"self":[{"href":"https:\/\/www.comptonplayers.co.uk\/comptonplayers-c\/index.php?rest_route=\/wp\/v2\/pages\/359"}],"collection":[{"href":"https:\/\/www.comptonplayers.co.uk\/comptonplayers-c\/index.php?rest_route=\/wp\/v2\/pages"}],"about":[{"href":"https:\/\/www.comptonplayers.co.uk\/comptonplayers-c\/index.php?rest_route=\/wp\/v2\/types\/page"}],"author":[{"embeddable":true,"href":"https:\/\/www.comptonplayers.co.uk\/comptonplayers-c\/index.php?rest_route=\/wp\/v2\/users\/2"}],"replies":[{"embeddable":true,"href":"https:\/\/www.comptonplayers.co.uk\/comptonplayers-c\/index.php?rest_route=%2Fwp%2Fv2%2Fcomments&post=359"}],"version-history":[{"count":6,"href":"https:\/\/www.comptonplayers.co.uk\/comptonplayers-c\/index.php?rest_route=\/wp\/v2\/pages\/359\/revisions"}],"predecessor-version":[{"id":3785,"href":"https:\/\/www.comptonplayers.co.uk\/comptonplayers-c\/index.php?rest_route=\/wp\/v2\/pages\/359\/revisions\/3785"}],"up":[{"embeddable":true,"href":"https:\/\/www.comptonplayers.co.uk\/comptonplayers-c\/index.php?rest_route=\/wp\/v2\/pages\/8"}],"wp:attachment":[{"href":"https:\/\/www.comptonplayers.co.uk\/comptonplayers-c\/index.php?rest_route=%2Fwp%2Fv2%2Fmedia&parent=359"}],"curies":[{"name":"wp","href":"https:\/\/api.w.org\/{rel}","templated":true}]}}